{"id":2197,"date":"2024-04-15T16:30:06","date_gmt":"2024-04-15T16:30:06","guid":{"rendered":"https:\/\/ockham.help\/?page_id=2197"},"modified":"2024-08-09T19:56:40","modified_gmt":"2024-08-09T19:56:40","slug":"omar-aguilar","status":"publish","type":"page","link":"https:\/\/ockham.mx\/index.php\/omar-aguilar\/","title":{"rendered":"Omar Aguilar"},"content":{"rendered":"\t\t<div data-elementor-type=\"wp-page\" data-elementor-id=\"2197\" class=\"elementor elementor-2197\" data-elementor-post-type=\"page\">\n\t\t\t\t<div data-particle_enable=\"false\" data-particle-mobile-disabled=\"false\" class=\"elementor-element elementor-element-50198f0 e-flex e-con-boxed e-con e-parent\" data-id=\"50198f0\" data-element_type=\"container\" data-e-type=\"container\">\n\t\t\t\t\t<div class=\"e-con-inner\">\n\t\t\t\t<div class=\"elementor-element elementor-element-d2b3ee8 elementor-widget elementor-widget-spacer\" data-id=\"d2b3ee8\" data-element_type=\"widget\" data-e-type=\"widget\" data-widget_type=\"spacer.default\">\n\t\t\t\t<div class=\"elementor-widget-container\">\n\t\t\t\t\t\t\t<div class=\"elementor-spacer\">\n\t\t\t<div class=\"elementor-spacer-inner\"><\/div>\n\t\t<\/div>\n\t\t\t\t\t\t<\/div>\n\t\t\t\t<\/div>\n\t\t\t\t\t<\/div>\n\t\t\t\t<\/div>\n\t\t<div data-particle_enable=\"false\" data-particle-mobile-disabled=\"false\" class=\"elementor-element elementor-element-3d04069 e-flex e-con-boxed e-con e-parent\" data-id=\"3d04069\" data-element_type=\"container\" data-e-type=\"container\">\n\t\t\t\t\t<div class=\"e-con-inner\">\n\t\t<div data-particle_enable=\"false\" data-particle-mobile-disabled=\"false\" class=\"elementor-element elementor-element-d53e1be e-con-full e-flex e-con e-child\" data-id=\"d53e1be\" data-element_type=\"container\" data-e-type=\"container\">\n\t\t\t\t<\/div>\n\t\t<div data-particle_enable=\"false\" data-particle-mobile-disabled=\"false\" class=\"elementor-element elementor-element-de3b127 e-con-full e-flex e-con e-child\" data-id=\"de3b127\" data-element_type=\"container\" data-e-type=\"container\" data-settings=\"{&quot;background_background&quot;:&quot;classic&quot;}\">\n\t\t\t\t<div class=\"elementor-element elementor-element-7e4b021 elementor-widget elementor-widget-image\" data-id=\"7e4b021\" data-element_type=\"widget\" data-e-type=\"widget\" data-widget_type=\"image.default\">\n\t\t\t\t<div class=\"elementor-widget-container\">\n\t\t\t\t\t\t\t\t\t\t\t\t\t\t\t<img decoding=\"async\" width=\"150\" height=\"150\" src=\"https:\/\/ockham.mx\/wp-content\/uploads\/2024\/05\/Omar-aguilar-ockham-150x150.webp\" class=\"attachment-thumbnail size-thumbnail wp-image-2495\" alt=\"\" srcset=\"https:\/\/ockham.mx\/wp-content\/uploads\/2024\/05\/Omar-aguilar-ockham-150x150.webp 150w, https:\/\/ockham.mx\/wp-content\/uploads\/2024\/05\/elementor\/thumbs\/Omar-aguilar-ockham-150x150.webp 200w, https:\/\/ockham.mx\/wp-content\/uploads\/2024\/05\/Omar-aguilar-ockham.webp 195w\" sizes=\"(max-width: 150px) 100vw, 150px\" \/>\t\t\t\t\t\t\t\t\t\t\t\t\t\t\t<\/div>\n\t\t\t\t<\/div>\n\t\t\t\t<div class=\"elementor-element elementor-element-5e487ba elementor-widget elementor-widget-text-editor\" data-id=\"5e487ba\" data-element_type=\"widget\" data-e-type=\"widget\" data-widget_type=\"text-editor.default\">\n\t\t\t\t<div class=\"elementor-widget-container\">\n\t\t\t\t\t\t\t\t\t<p><span style=\"font-weight: 400;\">Consultor OCKHAM<\/span><span style=\"font-weight: 400;\"><br><\/span><\/p>\t\t\t\t\t\t\t\t<\/div>\n\t\t\t\t<\/div>\n\t\t\t\t<div class=\"elementor-element elementor-element-8e1d17f elementor-widget elementor-widget-text-editor\" data-id=\"8e1d17f\" data-element_type=\"widget\" data-e-type=\"widget\" data-widget_type=\"text-editor.default\">\n\t\t\t\t<div class=\"elementor-widget-container\">\n\t\t\t\t\t\t\t\t\t<p><span style=\"font-weight: 400;\">Sus \u00e1reas de pr\u00e1ctica abarcan desde la seguridad p\u00fablica hasta las tecnolog\u00edas de la informaci\u00f3n, pasando por los servicios de comunicaciones por voz, transmisi\u00f3n de televisi\u00f3n e Internet<\/span><\/p>\t\t\t\t\t\t\t\t<\/div>\n\t\t\t\t<\/div>\n\t\t\t\t<\/div>\n\t\t<div data-particle_enable=\"false\" data-particle-mobile-disabled=\"false\" class=\"elementor-element elementor-element-dc31152 e-con-full e-flex e-con e-child\" data-id=\"dc31152\" data-element_type=\"container\" data-e-type=\"container\">\n\t\t\t\t<\/div>\n\t\t<div data-particle_enable=\"false\" data-particle-mobile-disabled=\"false\" class=\"elementor-element elementor-element-f05f5c1 e-con-full e-flex e-con e-child\" data-id=\"f05f5c1\" data-element_type=\"container\" data-e-type=\"container\">\n\t\t\t\t<div class=\"elementor-element elementor-element-1daa197 elementor-widget elementor-widget-heading\" data-id=\"1daa197\" data-element_type=\"widget\" data-e-type=\"widget\" data-widget_type=\"heading.default\">\n\t\t\t\t<div class=\"elementor-widget-container\">\n\t\t\t\t\t<h2 class=\"elementor-heading-title elementor-size-default\">Omar Aguilar\n<\/h2>\t\t\t\t<\/div>\n\t\t\t\t<\/div>\n\t\t\t\t<div class=\"elementor-element elementor-element-31a63f4 elementor-widget elementor-widget-text-editor\" data-id=\"31a63f4\" data-element_type=\"widget\" data-e-type=\"widget\" data-widget_type=\"text-editor.default\">\n\t\t\t\t<div class=\"elementor-widget-container\">\n\t\t\t\t\t\t\t\t\t<p><span style=\"font-weight: 400;\">Profesional con una trayectoria excepcional en el mundo de la consultor\u00eda y la gesti\u00f3n empresarial. Ha consolidado su experiencia a lo largo de m\u00e1s de 35 a\u00f1os en diversos sectores, tanto p\u00fablico como privado.<\/span><\/p><p><span style=\"font-weight: 400;\">Actualmente, Omar se desempe\u00f1a como consultor en \u00e1reas cr\u00edticas como compliance, auditor\u00eda y ciberseguridad. Adem\u00e1s, ocupa el cargo de CFO en Global Solutions Business y es Socio Fundador de Consultor\u00eda en Desempe\u00f1o Empresarial y Soluciones Integrales. Su experiencia y liderazgo son activos valiosos para cualquier empresa que busque excelencia en sus operaciones y gesti\u00f3n empresarial.\u00a0<\/span><\/p><p><span style=\"font-weight: 400;\">Omar es licenciado en Contadur\u00eda P\u00fablica y Derecho por la Universidad del Valle de M\u00e9xico y la Universidad Tec Milenio, respectivamente, y una maestr\u00eda en Administraci\u00f3n de Negocios por el Instituto Tecnol\u00f3gico Aut\u00f3nomo de M\u00e9xico.<\/span><\/p>\t\t\t\t\t\t\t\t<\/div>\n\t\t\t\t<\/div>\n\t\t\t\t<\/div>\n\t\t\t\t\t<\/div>\n\t\t\t\t<\/div>\n\t\t<div data-particle_enable=\"false\" data-particle-mobile-disabled=\"false\" class=\"elementor-element elementor-element-b8a4bdd e-flex e-con-boxed e-con e-parent\" data-id=\"b8a4bdd\" data-element_type=\"container\" data-e-type=\"container\">\n\t\t\t\t\t<div class=\"e-con-inner\">\n\t\t<div data-particle_enable=\"false\" data-particle-mobile-disabled=\"false\" class=\"elementor-element elementor-element-01c533a e-con-full e-flex e-con e-child\" data-id=\"01c533a\" data-element_type=\"container\" data-e-type=\"container\">\n\t\t\t\t<\/div>\n\t\t<div data-particle_enable=\"false\" data-particle-mobile-disabled=\"false\" class=\"elementor-element elementor-element-6e2fb34 e-con-full e-flex e-con e-child\" data-id=\"6e2fb34\" data-element_type=\"container\" data-e-type=\"container\" data-settings=\"{&quot;background_background&quot;:&quot;classic&quot;}\">\n\t\t\t\t<div class=\"elementor-element elementor-element-b85e9a1 elementor-widget elementor-widget-text-editor\" data-id=\"b85e9a1\" data-element_type=\"widget\" data-e-type=\"widget\" data-widget_type=\"text-editor.default\">\n\t\t\t\t<div class=\"elementor-widget-container\">\n\t\t\t\t\t\t\t\t\t<p><span style=\"font-weight: 400;\">Aguilar ha dejado su huella en instituciones de renombre, incluyendo el Secretariado Ejecutivo del Sistema Nacional de Seguridad P\u00fablica, la Agencia de Servicios a la Comercializaci\u00f3n y Desarrollo de Mercados Agropecuarios, as\u00ed como en empresas l\u00edderes como Am\u00e9rica M\u00f3vil y Tel\u00e9fonos de M\u00e9xico.<\/span><\/p>\t\t\t\t\t\t\t\t<\/div>\n\t\t\t\t<\/div>\n\t\t\t\t<\/div>\n\t\t<div data-particle_enable=\"false\" data-particle-mobile-disabled=\"false\" class=\"elementor-element elementor-element-78af29d e-con-full e-flex e-con e-child\" data-id=\"78af29d\" data-element_type=\"container\" data-e-type=\"container\" data-settings=\"{&quot;background_background&quot;:&quot;classic&quot;}\">\n\t\t\t\t<div class=\"elementor-element elementor-element-930ec0d elementor-widget elementor-widget-text-editor\" data-id=\"930ec0d\" data-element_type=\"widget\" data-e-type=\"widget\" data-widget_type=\"text-editor.default\">\n\t\t\t\t<div class=\"elementor-widget-container\">\n\t\t\t\t\t\t\t\t\t<p><span style=\"font-weight: 400;\">En Am\u00e9rica M\u00f3vil, Omar desempe\u00f1o roles cruciales, desde la administraci\u00f3n de proyectos de expansi\u00f3n internacional hasta la auditor\u00eda y gesti\u00f3n de proyectos de inversi\u00f3n en servicios de comunicaciones por voz, televisi\u00f3n e Internet en Am\u00e9rica Latina y el Caribe.\u00a0<\/span><\/p>\t\t\t\t\t\t\t\t<\/div>\n\t\t\t\t<\/div>\n\t\t\t\t<\/div>\n\t\t\t\t\t<\/div>\n\t\t\t\t<\/div>\n\t\t<div data-particle_enable=\"false\" data-particle-mobile-disabled=\"false\" class=\"elementor-element elementor-element-fbd73e7 e-flex e-con-boxed e-con e-parent\" data-id=\"fbd73e7\" data-element_type=\"container\" data-e-type=\"container\">\n\t\t\t\t\t<div class=\"e-con-inner\">\n\t\t<div data-particle_enable=\"false\" data-particle-mobile-disabled=\"false\" class=\"elementor-element elementor-element-2712958 e-con-full e-flex e-con e-child\" data-id=\"2712958\" data-element_type=\"container\" data-e-type=\"container\">\n\t\t\t\t<div class=\"elementor-element elementor-element-5a92c50 elementor-widget elementor-widget-heading\" data-id=\"5a92c50\" data-element_type=\"widget\" data-e-type=\"widget\" data-widget_type=\"heading.default\">\n\t\t\t\t<div class=\"elementor-widget-container\">\n\t\t\t\t\t<h2 class=\"elementor-heading-title elementor-size-default\">Experiencia<\/h2>\t\t\t\t<\/div>\n\t\t\t\t<\/div>\n\t\t\t\t<\/div>\n\t\t<div data-particle_enable=\"false\" data-particle-mobile-disabled=\"false\" class=\"elementor-element elementor-element-b4942d9 e-con-full e-flex e-con e-child\" data-id=\"b4942d9\" data-element_type=\"container\" data-e-type=\"container\" data-settings=\"{&quot;background_background&quot;:&quot;classic&quot;}\">\n\t\t\t\t<div class=\"elementor-element elementor-element-6240d96 elementor-widget elementor-widget-text-editor\" data-id=\"6240d96\" data-element_type=\"widget\" data-e-type=\"widget\" data-widget_type=\"text-editor.default\">\n\t\t\t\t<div class=\"elementor-widget-container\">\n\t\t\t\t\t\t\t\t\t<p><span style=\"font-weight: 400;\">Su experiencia tambi\u00e9n incluye la administraci\u00f3n de bases de datos de clientes y proveedores del grupo, as\u00ed como la implementaci\u00f3n y an\u00e1lisis de informaci\u00f3n comercial.<\/span><\/p>\t\t\t\t\t\t\t\t<\/div>\n\t\t\t\t<\/div>\n\t\t\t\t<\/div>\n\t\t<div data-particle_enable=\"false\" data-particle-mobile-disabled=\"false\" class=\"elementor-element elementor-element-f6cd103 e-con-full e-flex e-con e-child\" data-id=\"f6cd103\" data-element_type=\"container\" data-e-type=\"container\" data-settings=\"{&quot;background_background&quot;:&quot;classic&quot;}\">\n\t\t\t\t<div class=\"elementor-element elementor-element-de46282 elementor-widget elementor-widget-text-editor\" data-id=\"de46282\" data-element_type=\"widget\" data-e-type=\"widget\" data-widget_type=\"text-editor.default\">\n\t\t\t\t<div class=\"elementor-widget-container\">\n\t\t\t\t\t\t\t\t\t<p><span style=\"font-weight: 400;\">En Telmex, Omar ocupo cargos clave, como especialista en desarrollo de productos y ventas comerciales, coordinador de campa\u00f1as de marketing y gesti\u00f3n comercial en diversos pa\u00edses. Adem\u00e1s, ha participado en actividades de auditor\u00eda del cumplimiento normativo, elaboraci\u00f3n de informes de indicadores de servicios y desarrollo de nuevos proyectos de Internet.<\/span><\/p>\t\t\t\t\t\t\t\t<\/div>\n\t\t\t\t<\/div>\n\t\t\t\t<\/div>\n\t\t\t\t\t<\/div>\n\t\t\t\t<\/div>\n\t\t<div data-particle_enable=\"false\" data-particle-mobile-disabled=\"false\" class=\"elementor-element elementor-element-5f82c57 e-flex e-con-boxed e-con e-parent\" data-id=\"5f82c57\" data-element_type=\"container\" data-e-type=\"container\" data-settings=\"{&quot;background_background&quot;:&quot;classic&quot;}\">\n\t\t\t\t\t<div class=\"e-con-inner\">\n\t\t\t\t<div class=\"elementor-element elementor-element-1d4cb5b elementor-widget elementor-widget-heading\" data-id=\"1d4cb5b\" data-element_type=\"widget\" data-e-type=\"widget\" data-widget_type=\"heading.default\">\n\t\t\t\t<div class=\"elementor-widget-container\">\n\t\t\t\t\t<h2 class=\"elementor-heading-title elementor-size-default\">M\u00e1s detalles<\/h2>\t\t\t\t<\/div>\n\t\t\t\t<\/div>\n\t\t\t\t<div class=\"elementor-element elementor-element-71013e6 elementor-widget elementor-widget-eael-adv-accordion\" data-id=\"71013e6\" data-element_type=\"widget\" data-e-type=\"widget\" data-widget_type=\"eael-adv-accordion.default\">\n\t\t\t\t<div class=\"elementor-widget-container\">\n\t\t\t\t\t            <div class=\"eael-adv-accordion\" id=\"eael-adv-accordion-71013e6\" data-scroll-on-click=\"no\" data-scroll-speed=\"300\" data-accordion-id=\"71013e6\" data-accordion-type=\"toggle\" data-toogle-speed=\"300\">\n            <div class=\"eael-accordion-list\">\n\t\t\t\t\t<div id=\"estudios-profesionales\" class=\"elementor-tab-title eael-accordion-header\" tabindex=\"0\" data-tab=\"1\" aria-controls=\"elementor-tab-content-1181\"><span class=\"eael-advanced-accordion-icon-closed\"><svg aria-hidden=\"true\" class=\"fa-accordion-icon e-font-icon-svg e-fas-plus\" viewBox=\"0 0 448 512\" xmlns=\"http:\/\/www.w3.org\/2000\/svg\"><path d=\"M416 208H272V64c0-17.67-14.33-32-32-32h-32c-17.67 0-32 14.33-32 32v144H32c-17.67 0-32 14.33-32 32v32c0 17.67 14.33 32 32 32h144v144c0 17.67 14.33 32 32 32h32c17.67 0 32-14.33 32-32V304h144c17.67 0 32-14.33 32-32v-32c0-17.67-14.33-32-32-32z\"><\/path><\/svg><\/span><span class=\"eael-advanced-accordion-icon-opened\"><svg aria-hidden=\"true\" class=\"fa-accordion-icon e-font-icon-svg e-fas-minus\" viewBox=\"0 0 448 512\" xmlns=\"http:\/\/www.w3.org\/2000\/svg\"><path d=\"M416 208H32c-17.67 0-32 14.33-32 32v32c0 17.67 14.33 32 32 32h384c17.67 0 32-14.33 32-32v-32c0-17.67-14.33-32-32-32z\"><\/path><\/svg><\/span><span class=\"eael-accordion-tab-title\">Estudios profesionales<\/span><svg aria-hidden=\"true\" class=\"fa-toggle e-font-icon-svg e-fas-chevron-right\" viewBox=\"0 0 320 512\" xmlns=\"http:\/\/www.w3.org\/2000\/svg\"><path d=\"M285.476 272.971L91.132 467.314c-9.373 9.373-24.569 9.373-33.941 0l-22.667-22.667c-9.357-9.357-9.375-24.522-.04-33.901L188.505 256 34.484 101.255c-9.335-9.379-9.317-24.544.04-33.901l22.667-22.667c9.373-9.373 24.569-9.373 33.941 0L285.475 239.03c9.373 9.372 9.373 24.568.001 33.941z\"><\/path><\/svg><\/div><div id=\"elementor-tab-content-1181\" class=\"eael-accordion-content clearfix\" data-tab=\"1\" aria-labelledby=\"estudios-profesionales\"><ul><li style=\"font-weight: 400\"><span style=\"font-weight: 400\">Maestr\u00eda en Administraci\u00f3n de Negocios, Instituto Tecnol\u00f3gico Aut\u00f3nomo de M\u00e9xico, 1997- 1999.<\/span><\/li><li style=\"font-weight: 400\"><span style=\"font-weight: 400\">Licenciatura en Contadur\u00eda P\u00fablica. Universidad del Valle de M\u00e9xico, 1984-1989.<\/span><\/li><li style=\"font-weight: 400\"><span style=\"font-weight: 400\">Licenciatura en Derecho. Universidad Tec Milenio. 2019-2023.<\/span><\/li><li style=\"font-weight: 400\"><span style=\"font-weight: 400\">Diplomado en Compliance en la Escuela Libre de Derecho.<\/span><\/li><\/ul><\/div>\n\t\t\t\t\t<\/div><div class=\"eael-accordion-list\">\n\t\t\t\t\t<div id=\"experiencia-profesional\" class=\"elementor-tab-title eael-accordion-header\" tabindex=\"0\" data-tab=\"2\" aria-controls=\"elementor-tab-content-1182\"><span class=\"eael-advanced-accordion-icon-closed\"><svg aria-hidden=\"true\" class=\"fa-accordion-icon e-font-icon-svg e-fas-plus\" viewBox=\"0 0 448 512\" xmlns=\"http:\/\/www.w3.org\/2000\/svg\"><path d=\"M416 208H272V64c0-17.67-14.33-32-32-32h-32c-17.67 0-32 14.33-32 32v144H32c-17.67 0-32 14.33-32 32v32c0 17.67 14.33 32 32 32h144v144c0 17.67 14.33 32 32 32h32c17.67 0 32-14.33 32-32V304h144c17.67 0 32-14.33 32-32v-32c0-17.67-14.33-32-32-32z\"><\/path><\/svg><\/span><span class=\"eael-advanced-accordion-icon-opened\"><svg aria-hidden=\"true\" class=\"fa-accordion-icon e-font-icon-svg e-fas-minus\" viewBox=\"0 0 448 512\" xmlns=\"http:\/\/www.w3.org\/2000\/svg\"><path d=\"M416 208H32c-17.67 0-32 14.33-32 32v32c0 17.67 14.33 32 32 32h384c17.67 0 32-14.33 32-32v-32c0-17.67-14.33-32-32-32z\"><\/path><\/svg><\/span><span class=\"eael-accordion-tab-title\">Experiencia profesional<\/span><svg aria-hidden=\"true\" class=\"fa-toggle e-font-icon-svg e-fas-chevron-right\" viewBox=\"0 0 320 512\" xmlns=\"http:\/\/www.w3.org\/2000\/svg\"><path d=\"M285.476 272.971L91.132 467.314c-9.373 9.373-24.569 9.373-33.941 0l-22.667-22.667c-9.357-9.357-9.375-24.522-.04-33.901L188.505 256 34.484 101.255c-9.335-9.379-9.317-24.544.04-33.901l22.667-22.667c9.373-9.373 24.569-9.373 33.941 0L285.475 239.03c9.373 9.372 9.373 24.568.001 33.941z\"><\/path><\/svg><\/div><div id=\"elementor-tab-content-1182\" class=\"eael-accordion-content clearfix\" data-tab=\"2\" aria-labelledby=\"experiencia-profesional\"><ul><li style=\"font-weight: 400\"><span style=\"font-weight: 400\">Director de Finanzas y Administraci\u00f3n de la empresa Global Solutions Business, responsable financiera y administrativamente de las 23 empresas internacionales que conforma la Multiempresa, enero 2022.<\/span><\/li><li style=\"font-weight: 400\"><span style=\"font-weight: 400\">Subdirector de tecnolog\u00edas de la informaci\u00f3n en la Secretar\u00eda de Infraestructura, Comunicaciones y Transportes, enero 2020 \u2013 diciembre 2021.<\/span><\/li><li style=\"font-weight: 400\"><span style=\"font-weight: 400\">Apoyo y asistencia para la administraci\u00f3n, operaci\u00f3n, seguimiento y evaluaci\u00f3n del subsidio denominado FORTASEG en el Secretariado Ejecutivo del Sistema Nacional de Seguridad P\u00fablica, marzo 2018-diciembre 2019.<\/span><\/li><li style=\"font-weight: 400\"><span style=\"font-weight: 400\">Administrador de proyectos de expansi\u00f3n para el Centroam\u00e9rica, Suram\u00e9rica y el Caribe en la Direcci\u00f3n Explotaci\u00f3n de la Red Servicios Fijos de Am\u00e9rica M\u00f3vil. Particip\u00f3 en la auditor\u00eda, gesti\u00f3n y mejora en proyectos de inversi\u00f3n en servicios de comunicaciones por voz, transmisi\u00f3n de televisi\u00f3n e internet Centro, Sudam\u00e9rica y Caribe, as\u00ed como en la administraci\u00f3n de bases de datos de clientes y proveedores del grupo, enero 2015-febrero 2018.<\/span><\/li><li style=\"font-weight: 400\"><span style=\"font-weight: 400\">Gestor y mejora en procesos de tecnolog\u00edas de la informaci\u00f3n, procesos administrativos y acompa\u00f1amiento en la implantaci\u00f3n de los procesos del Manual Administrativo de Aplicaci\u00f3n General en las materias de Tecnolog\u00edas de la Informaci\u00f3n y Comunicaciones y Seguridad de la Informaci\u00f3n (MAAGTICSI) en la Agencia de Servicios a la Comercializaci\u00f3n y Desarrollo de Mercados Agropecuarios &#8211; Secretar\u00eda de Agricultura, Ganader\u00eda, Desarrollo Rural, Pesca y Alimentaci\u00f3n, enero 2014-diciembre 2014.<\/span><\/li><li style=\"font-weight: 400\"><span style=\"font-weight: 400\">Especialista implementaci\u00f3n y an\u00e1lisis de informaci\u00f3n comercial en la Direcci\u00f3n Comercial Am\u00e9rica M\u00f3vil. Particip\u00f3 en la direcci\u00f3n de tecnolog\u00edas de la informaci\u00f3n enfocada al an\u00e1lisis de cliente y gesti\u00f3n de procesos de automatizaci\u00f3n para auto-gesti\u00f3n de servicios al cliente, enero 2011-diciembre 2013.<\/span><\/li><li style=\"font-weight: 400\"><span style=\"font-weight: 400\">Especialista en desarrollo de productos y ventas comerciales en la Direcci\u00f3n Comercial Telmex Internacional. Particip\u00f3 en la coordinaci\u00f3n de la implementaci\u00f3n de campa\u00f1as de marketing, comerciales y de canales de venta en Centro, Latinoam\u00e9rica, y el Caribe, as\u00ed como en el seguimiento a la gesti\u00f3n comercial en sus etapas de preventa, venta y posventa, septiembre 2008-diciembre 2011.<\/span><\/li><li style=\"font-weight: 400\"><span style=\"font-weight: 400\">Comunicaci\u00f3n Corporativa en la Direcci\u00f3n Comercial Telmex M\u00e9xico. Particip\u00f3 en la auditor\u00eda interna al cumplimiento de la normatividad comercial y operativa, enero 2007-agosto 2008.<\/span><\/li><li style=\"font-weight: 400\"><span style=\"font-weight: 400\">Prodigy Dial-Up en la Direcci\u00f3n Comercial Telmex M\u00e9xico. Realiz\u00f3 diversas actividades como el informe de indicadores peri\u00f3dicos de los diferentes servicios de voz e internet; el reporte del churn, penetraci\u00f3n, altas, bajas, ventas; la presentaci\u00f3n comparativa de bajas Infinitum versus l\u00edneas; el reporte de bajas Infinitum versus quejas y el dise\u00f1o, elaboraci\u00f3n y mantenimiento del portal indicadores, enero 2006-diciembre 2006.\u00a0<\/span><\/li><li style=\"font-weight: 400\"><span style=\"font-weight: 400\">Administraci\u00f3n de Nuevos Productos en la Direcci\u00f3n Comercial Telmex M\u00e9xico. Fue responsable del desarrollo de nuevos proyectos de Internet con computadora; particip\u00f3 en el lanzamiento de venta de productos con financiamiento y entrega en domicilio; as\u00ed como en el desarrollo y lanzamiento de la comercializaci\u00f3n de Infinitum con computadora con entrega en domicilio y en el lanzamiento comercial del producto Internet Box, enero 2006-diciembre 2006.\u00a0<\/span><\/li><li style=\"font-weight: 400\"><span style=\"font-weight: 400\">Calidad de productos y servicios en la Direcci\u00f3n Comercial Telmex M\u00e9xico. Fue responsable del estudio de calidad de imagen y servicios en tiendas Telmex (BIMSA) y particip\u00f3 en la elaboraci\u00f3n e implantaci\u00f3n de mapas precept\u00faales de imagen y servicio en tiendas Telmex, noviembre 1999-diciembre 2005. <\/span><\/li><\/ul><\/div>\n\t\t\t\t\t<\/div><\/div>\t\t\t\t<\/div>\n\t\t\t\t<\/div>\n\t\t\t\t\t<\/div>\n\t\t\t\t<\/div>\n\t\t\t\t<\/div>\n\t\t","protected":false},"excerpt":{"rendered":"<p>Consultor OCKHAM Sus \u00e1reas de pr\u00e1ctica abarcan desde la seguridad p\u00fablica hasta las tecnolog\u00edas de la informaci\u00f3n, pasando por los [&hellip;]<\/p>\n","protected":false},"author":1,"featured_media":0,"parent":0,"menu_order":0,"comment_status":"closed","ping_status":"closed","template":"","meta":{"_eb_attr":"","_monsterinsights_skip_tracking":false,"_monsterinsights_sitenote_active":false,"_monsterinsights_sitenote_note":"","_monsterinsights_sitenote_category":0,"site-sidebar-layout":"no-sidebar","site-content-layout":"","ast-site-content-layout":"full-width-container","site-content-style":"default","site-sidebar-style":"default","ast-global-header-display":"","ast-banner-title-visibility":"","ast-main-header-display":"","ast-hfb-above-header-display":"","ast-hfb-below-header-display":"","ast-hfb-mobile-header-display":"","site-post-title":"disabled","ast-breadcrumbs-content":"","ast-featured-img":"disabled","footer-sml-layout":"","ast-disable-related-posts":"","theme-transparent-header-meta":"","adv-header-id-meta":"","stick-header-meta":"","header-above-stick-meta":"","header-main-stick-meta":"","header-below-stick-meta":"","astra-migrate-meta-layouts":"default","ast-page-background-enabled":"default","ast-page-background-meta":{"desktop":{"background-color":"var(--ast-global-color-4)","background-image":"","background-repeat":"repeat","background-position":"center center","background-size":"auto","background-attachment":"scroll","background-type":"","background-media":"","overlay-type":"","overlay-color":"","overlay-opacity":"","overlay-gradient":""},"tablet":{"background-color":"","background-image":"","background-repeat":"repeat","background-position":"center center","background-size":"auto","background-attachment":"scroll","background-type":"","background-media":"","overlay-type":"","overlay-color":"","overlay-opacity":"","overlay-gradient":""},"mobile":{"background-color":"","background-image":"","background-repeat":"repeat","background-position":"center center","background-size":"auto","background-attachment":"scroll","background-type":"","background-media":"","overlay-type":"","overlay-color":"","overlay-opacity":"","overlay-gradient":""}},"ast-content-background-meta":{"desktop":{"background-color":"var(--ast-global-color-5)","background-image":"","background-repeat":"repeat","background-position":"center center","background-size":"auto","background-attachment":"scroll","background-type":"","background-media":"","overlay-type":"","overlay-color":"","overlay-opacity":"","overlay-gradient":""},"tablet":{"background-color":"var(--ast-global-color-5)","background-image":"","background-repeat":"repeat","background-position":"center center","background-size":"auto","background-attachment":"scroll","background-type":"","background-media":"","overlay-type":"","overlay-color":"","overlay-opacity":"","overlay-gradient":""},"mobile":{"background-color":"var(--ast-global-color-5)","background-image":"","background-repeat":"repeat","background-position":"center center","background-size":"auto","background-attachment":"scroll","background-type":"","background-media":"","overlay-type":"","overlay-color":"","overlay-opacity":"","overlay-gradient":""}},"footnotes":""},"class_list":["post-2197","page","type-page","status-publish","hentry"],"aioseo_notices":[],"_links":{"self":[{"href":"https:\/\/ockham.mx\/index.php\/wp-json\/wp\/v2\/pages\/2197","targetHints":{"allow":["GET"]}}],"collection":[{"href":"https:\/\/ockham.mx\/index.php\/wp-json\/wp\/v2\/pages"}],"about":[{"href":"https:\/\/ockham.mx\/index.php\/wp-json\/wp\/v2\/types\/page"}],"author":[{"embeddable":true,"href":"https:\/\/ockham.mx\/index.php\/wp-json\/wp\/v2\/users\/1"}],"replies":[{"embeddable":true,"href":"https:\/\/ockham.mx\/index.php\/wp-json\/wp\/v2\/comments?post=2197"}],"version-history":[{"count":36,"href":"https:\/\/ockham.mx\/index.php\/wp-json\/wp\/v2\/pages\/2197\/revisions"}],"predecessor-version":[{"id":4940,"href":"https:\/\/ockham.mx\/index.php\/wp-json\/wp\/v2\/pages\/2197\/revisions\/4940"}],"wp:attachment":[{"href":"https:\/\/ockham.mx\/index.php\/wp-json\/wp\/v2\/media?parent=2197"}],"curies":[{"name":"wp","href":"https:\/\/api.w.org\/{rel}","templated":true}]}}