{"id":3,"date":"2024-03-01T20:31:13","date_gmt":"2024-03-01T20:31:13","guid":{"rendered":"http:\/\/ockham.help\/?page_id=3"},"modified":"2024-04-12T14:57:03","modified_gmt":"2024-04-12T14:57:03","slug":"politica-privacidad","status":"publish","type":"page","link":"https:\/\/ockham.mx\/index.php\/politica-privacidad\/","title":{"rendered":"Pol\u00edtica de privacidad"},"content":{"rendered":"\t\t<div data-elementor-type=\"wp-page\" data-elementor-id=\"3\" class=\"elementor elementor-3\" data-elementor-post-type=\"page\">\n\t\t\t\t<div data-particle_enable=\"false\" data-particle-mobile-disabled=\"false\" class=\"elementor-element elementor-element-9417c78 e-flex e-con-boxed e-con e-parent\" data-id=\"9417c78\" data-element_type=\"container\" data-e-type=\"container\">\n\t\t\t\t\t<div class=\"e-con-inner\">\n\t\t\t\t<div class=\"elementor-element elementor-element-bc5436d elementor-widget elementor-widget-heading\" data-id=\"bc5436d\" data-element_type=\"widget\" data-e-type=\"widget\" data-widget_type=\"heading.default\">\n\t\t\t\t<div class=\"elementor-widget-container\">\n\t\t\t\t\t<h2 class=\"elementor-heading-title elementor-size-default\">Aviso de Privacidad<\/h2>\t\t\t\t<\/div>\n\t\t\t\t<\/div>\n\t\t\t\t\t<\/div>\n\t\t\t\t<\/div>\n\t\t<div data-particle_enable=\"false\" data-particle-mobile-disabled=\"false\" class=\"elementor-element elementor-element-7d36deb2 e-flex e-con-boxed e-con e-parent\" data-id=\"7d36deb2\" data-element_type=\"container\" data-e-type=\"container\">\n\t\t\t\t\t<div class=\"e-con-inner\">\n\t\t\t\t<div class=\"elementor-element elementor-element-77ed598d elementor-widget elementor-widget-text-editor\" data-id=\"77ed598d\" data-element_type=\"widget\" data-e-type=\"widget\" data-widget_type=\"text-editor.default\">\n\t\t\t\t<div class=\"elementor-widget-container\">\n\t\t\t\t\t\t\t\t\t<div data-id=\"4c8551f\" data-element_type=\"widget\" data-widget_type=\"heading.default\">\n<div>\n<h2>&nbsp;<\/h2>\n<\/div>\n<\/div>\n<div data-id=\"6556c6c\" data-element_type=\"widget\" data-widget_type=\"text-editor.default\">\n<div>\n<p>El presente aviso de privacidad se establece en cumplimiento de lo dispuesto en la Ley Federal de Protecci\u00f3n de Datos Personales en Posesi\u00f3n de los Particulares. Ockham, SA de RL de CV, con domicilio en Retorno 16 #19, colonia Avante, c\u00f3digo postal 04460, delegaci\u00f3n Coyoac\u00e1n, Ciudad de M\u00e9xico , correo electr\u00f3nico contacto@ockham.com y tel\u00e9fono de cont\u00e1cto 5516491510, quien es responsable de recabar sus datos personales, del uso que se le d\u00e9 a los mismos y de su protecci\u00f3n.<\/p>\n<p>Su informaci\u00f3n personal&nbsp;<strong>ser\u00e1 utilizada para proveer los servicios y productos que ha solicitado, informarle sobre cambios en los mismos y evaluar la calidad del servicio que le brindamos.<\/strong><\/p>\n<p>Para las finalidades se\u00f1aladas en el presente aviso de privacidad, podemos recabar sus datos personales de distintas formas: cuando usted nos los proporciona directamente; cuando visita nuestro sitio de Internet o utiliza nuestros servicios en l\u00ednea, y cuando obtenemos informaci\u00f3n a trav\u00e9s de otras fuentes que est\u00e1n permitidas por la ley. Recabamos sus datos personales de forma directa cuando usted mismo nos los proporciona por diversos medios, como cuando nos contacta o nos da informaci\u00f3n con objeto de que le prestemos un servicio.<\/p>\n<p>Los datos que obtenemos por este medio pueden ser, entre otros: Su nombre, correo electr\u00f3nico (email), pa\u00eds y ciudad.<\/p>\n<p>Usted tiene derecho de acceder, rectificar y cancelar sus datos personales, as\u00ed como de oponerse al tratamiento de los mismos o revocar el consentimiento que para tal fin nos haya otorgado, a trav\u00e9s de la solicitud formal impresa.<\/p>\n<\/div>\n<\/div>\n<div data-id=\"f3b32e2\" data-element_type=\"widget\" data-widget_type=\"heading.default\">\n<div>\n<h2>Aviso de Privacidad Detallado<\/h2>\n<\/div>\n<\/div>\n<div data-id=\"6b7f2eb\" data-element_type=\"widget\" data-widget_type=\"text-editor.default\">\n<div>\n<p>En este Aviso de Privacidad se explica nuestra pol\u00edtica respecto de la recolecci\u00f3n, uso, divulgaci\u00f3n y transmisi\u00f3n de los datos de usuarios por parte de Ockham, S de RL de CV. La presente pol\u00edtica se podr\u00e1 modificar a medida que actualizamos y ampliamos nuestros servicios.<\/p>\n<p>Por lo tanto, se recomienda consultarla peri\u00f3dicamente para saber si existe alguna actualizaci\u00f3n a esta pol\u00edtica por medio de correo electr\u00f3nico hasta su publicaci\u00f3n en&nbsp; el sitio oficial de Ockham. Usted acuerda que su aceptaci\u00f3n de los T\u00e9minos de Uso y el Aviso de privacidad posterior a su consentimiento original, as\u00ed el uso continuo de nuestro servicio despu\u00e9s de publicar un cambio a esta pol\u00edtica implica que acepta dichos cambios y se obliga a respetarlos.<\/p>\n<p>Para garantizar el correcto resguardo de sus datos personales y para dar pleno cumplimiento a las obligaciones que la LFPDPPP establece en la materia, se le informa que Ockham, S de RL de CV tiene implementadas las medidas de seguridad administrativas, t\u00e9cnicas y f\u00edsicas necesarias y suficientes para evitar su da\u00f1o, p\u00e9rdida, alteraci\u00f3n, destrucci\u00f3n, uso, acceso o divulgaci\u00f3n indebida.<\/p>\n<p>Los Datos Personales que han proporcionados ser\u00e1n conservados por un periodo de 1 a\u00f1o, excepto la que fiscalmente debe considerarse por 5 a\u00f1os, en medios f\u00edsicos y electr\u00f3nicos, y posteriormente descartados para evitar un tratamiento indebido de los mismos.<\/p>\n<p>En ning\u00fan caso Ockham, S de RL de CV transferir\u00e1 los datos personales de sus clientes a un tercero, sin el consentimiento previo de los titulares.<\/p>\n<\/div>\n<\/div>\n<div data-id=\"87acab0\" data-element_type=\"widget\" data-widget_type=\"heading.default\">\n<div>\n<h2>Procedimiento para hacer valer los Derechos Arco<\/h2>\n<\/div>\n<\/div>\n<div data-id=\"310a3d3\" data-element_type=\"widget\" data-widget_type=\"text-editor.default\">\n<div>\n<p>Usted tiene derecho de acceder a sus datos personales que poseemos y a los detalles del tratamiento de los mismos, as\u00ed como a rectificarlos en caso de ser inexactos o incompletos; cancelarlos cuando considere que no se requieren para alguna de las finalidades se\u00f1alados en el presente aviso de privacidad, est\u00e9n siendo utilizados para finalidades no consentidas o haya finalizado la relaci\u00f3n contractual o de servicio, o bien, oponerse al tratamiento de los mismos para fines espec\u00edficos.<\/p>\n<p>Los mecanismos que se han implementado para el ejercicio de dichos derechos, los cuales se conocen como derechos Arco mismos que se refieren a la rectificaci\u00f3n, cancelaci\u00f3n y oposici\u00f3n del Titular respecto al tratamiento de sus datos personales;<\/p>\n<p>1) El procedimiento inicia con la presentaci\u00f3n de la solicitud gratuita respectiva a los derechos Arco, enviando un correo electr\u00f3nico en texto libre a contacto@Ockham.com&nbsp;\u00f3 en el domicilio de nuestra Oficina de Privacidad, mismo que fue debidamente se\u00f1alado al principio del presente aviso de privacidad.<\/p>\n<p>2) Su solicitud deber\u00e1 contener la siguiente informaci\u00f3n: Nombre del titular de los datos personales. Domicilio o cualquier otro medio de contacto. Documentos que acrediten su personalidad e identidad. La descripci\u00f3n clara y precisa de los datos personales. Cualquier otro documento que facilite la localizaci\u00f3n de los datos.<\/p>\n<p>3) El plazo para atender su solicitud es de: 15 d\u00edas h\u00e1biles.&nbsp;<\/p>\n<p>Fecha de publicaci\u00f3n. 12\/04\/2024 a las 23:27<\/p>\n<p><em><strong>La \u00faltima versi\u00f3n del presente Aviso de privacidad prevalecer\u00e1 sobre todas las versiones anteriores.<\/strong><\/em><\/p>\n<\/div>\n<\/div>\t\t\t\t\t\t\t\t<\/div>\n\t\t\t\t<\/div>\n\t\t\t\t\t<\/div>\n\t\t\t\t<\/div>\n\t\t\t\t<\/div>\n\t\t","protected":false},"excerpt":{"rendered":"<p>Aviso de Privacidad &nbsp; El presente aviso de privacidad se establece en cumplimiento de lo dispuesto en la Ley Federal [&hellip;]<\/p>\n","protected":false},"author":1,"featured_media":0,"parent":0,"menu_order":0,"comment_status":"closed","ping_status":"open","template":"","meta":{"_eb_attr":"","_monsterinsights_skip_tracking":false,"_monsterinsights_sitenote_active":false,"_monsterinsights_sitenote_note":"","_monsterinsights_sitenote_category":0,"site-sidebar-layout":"default","site-content-layout":"","ast-site-content-layout":"default","site-content-style":"default","site-sidebar-style":"default","ast-global-header-display":"","ast-banner-title-visibility":"","ast-main-header-display":"","ast-hfb-above-header-display":"","ast-hfb-below-header-display":"","ast-hfb-mobile-header-display":"","site-post-title":"disabled","ast-breadcrumbs-content":"","ast-featured-img":"","footer-sml-layout":"","ast-disable-related-posts":"","theme-transparent-header-meta":"","adv-header-id-meta":"","stick-header-meta":"","header-above-stick-meta":"","header-main-stick-meta":"","header-below-stick-meta":"","astra-migrate-meta-layouts":"default","ast-page-background-enabled":"default","ast-page-background-meta":{"desktop":{"background-color":"var(--ast-global-color-4)","background-image":"","background-repeat":"repeat","background-position":"center center","background-size":"auto","background-attachment":"scroll","background-type":"","background-media":"","overlay-type":"","overlay-color":"","overlay-opacity":"","overlay-gradient":""},"tablet":{"background-color":"","background-image":"","background-repeat":"repeat","background-position":"center center","background-size":"auto","background-attachment":"scroll","background-type":"","background-media":"","overlay-type":"","overlay-color":"","overlay-opacity":"","overlay-gradient":""},"mobile":{"background-color":"","background-image":"","background-repeat":"repeat","background-position":"center center","background-size":"auto","background-attachment":"scroll","background-type":"","background-media":"","overlay-type":"","overlay-color":"","overlay-opacity":"","overlay-gradient":""}},"ast-content-background-meta":{"desktop":{"background-color":"var(--ast-global-color-5)","background-image":"","background-repeat":"repeat","background-position":"center center","background-size":"auto","background-attachment":"scroll","background-type":"","background-media":"","overlay-type":"","overlay-color":"","overlay-opacity":"","overlay-gradient":""},"tablet":{"background-color":"var(--ast-global-color-5)","background-image":"","background-repeat":"repeat","background-position":"center center","background-size":"auto","background-attachment":"scroll","background-type":"","background-media":"","overlay-type":"","overlay-color":"","overlay-opacity":"","overlay-gradient":""},"mobile":{"background-color":"var(--ast-global-color-5)","background-image":"","background-repeat":"repeat","background-position":"center center","background-size":"auto","background-attachment":"scroll","background-type":"","background-media":"","overlay-type":"","overlay-color":"","overlay-opacity":"","overlay-gradient":""}},"footnotes":""},"class_list":["post-3","page","type-page","status-publish","hentry"],"aioseo_notices":[],"_links":{"self":[{"href":"https:\/\/ockham.mx\/index.php\/wp-json\/wp\/v2\/pages\/3","targetHints":{"allow":["GET"]}}],"collection":[{"href":"https:\/\/ockham.mx\/index.php\/wp-json\/wp\/v2\/pages"}],"about":[{"href":"https:\/\/ockham.mx\/index.php\/wp-json\/wp\/v2\/types\/page"}],"author":[{"embeddable":true,"href":"https:\/\/ockham.mx\/index.php\/wp-json\/wp\/v2\/users\/1"}],"replies":[{"embeddable":true,"href":"https:\/\/ockham.mx\/index.php\/wp-json\/wp\/v2\/comments?post=3"}],"version-history":[{"count":0,"href":"https:\/\/ockham.mx\/index.php\/wp-json\/wp\/v2\/pages\/3\/revisions"}],"wp:attachment":[{"href":"https:\/\/ockham.mx\/index.php\/wp-json\/wp\/v2\/media?parent=3"}],"curies":[{"name":"wp","href":"https:\/\/api.w.org\/{rel}","templated":true}]}}