{"id":4709,"date":"2024-08-06T22:04:57","date_gmt":"2024-08-06T22:04:57","guid":{"rendered":"https:\/\/ockham.help\/?page_id=4709"},"modified":"2024-08-15T22:38:27","modified_gmt":"2024-08-15T22:38:27","slug":"blog","status":"publish","type":"page","link":"https:\/\/ockham.mx\/index.php\/blog\/","title":{"rendered":"Blog"},"content":{"rendered":"\t\t<div data-elementor-type=\"wp-page\" data-elementor-id=\"4709\" class=\"elementor elementor-4709\" data-elementor-post-type=\"page\">\n\t\t\t\t<div data-particle_enable=\"false\" data-particle-mobile-disabled=\"false\" class=\"elementor-element elementor-element-fe443c4 e-con-full e-flex e-con e-parent\" data-id=\"fe443c4\" data-element_type=\"container\" data-e-type=\"container\" data-settings=\"{&quot;background_background&quot;:&quot;classic&quot;}\">\n\t\t\t\t<div class=\"elementor-element elementor-element-9994366 elementor-widget elementor-widget-heading\" data-id=\"9994366\" data-element_type=\"widget\" data-e-type=\"widget\" data-widget_type=\"heading.default\">\n\t\t\t\t<div class=\"elementor-widget-container\">\n\t\t\t\t\t<h2 class=\"elementor-heading-title elementor-size-default\">\u00daltimos art\u00edculos <\/h2>\t\t\t\t<\/div>\n\t\t\t\t<\/div>\n\t\t\t\t<\/div>\n\t\t<div data-particle_enable=\"false\" data-particle-mobile-disabled=\"false\" class=\"elementor-element elementor-element-949e8b2 e-flex e-con-boxed e-con e-parent\" data-id=\"949e8b2\" data-element_type=\"container\" data-e-type=\"container\">\n\t\t\t\t\t<div class=\"e-con-inner\">\n\t\t\t\t<div class=\"elementor-element elementor-element-a783d7b elementor-widget elementor-widget-eael-post-list\" data-id=\"a783d7b\" data-element_type=\"widget\" data-e-type=\"widget\" data-widget_type=\"eael-post-list.default\">\n\t\t\t\t<div class=\"elementor-widget-container\">\n\t\t\t\t\t<div class=\"eael-post-list-container advanced layout-advanced\"><div class=\"eael-post-list-wrap\"><div class=\"eael-post-list-posts-wrap eael-post-appender eael-post-appender-a783d7b\"><div class=\"eael-post-list-post \"><div class=\"eael-post-list-post-inner\"><div class=\"eael-post-list-thumbnail \"><a href=\"https:\/\/ockham.mx\/index.php\/2025\/07\/11\/nueva-ley-federal-de-competencia-economica-en-mexico\/\">\n                <img decoding=\"async\" src=\"https:\/\/ockham.mx\/wp-content\/uploads\/2025\/07\/LFCE_Mexico_reforma-2-1.png\" alt=\"\">\n            <\/a><\/div><div class=\"eael-post-list-content\"><h2 class=\"eael-post-list-title\"><a href=\"https:\/\/ockham.mx\/index.php\/2025\/07\/11\/nueva-ley-federal-de-competencia-economica-en-mexico\/\" >Nueva Ley Federal de Competencia Econ\u00f3mica en M\u00e9xico<\/a><\/h2><div class=\"meta\"><span class=\"eael-post-published-date\"><i class=\"far fa-calendar-alt\"><\/i> 11 julio, 2025<\/span><\/div><p>La continuidad de las empresas familiares depende de un buen gobierno corporativo y procesos de sucesi\u00f3n definidos.<\/p><a href=\"https:\/\/ockham.mx\/index.php\/2025\/07\/11\/nueva-ley-federal-de-competencia-economica-en-mexico\/\" class=\"eael-post-elements-readmore-btn\" >Leer m\u00e1s<\/a><div class=\"boxed-meta\"><\/div><\/div><\/div><\/div><div class=\"eael-post-list-post \"><div class=\"eael-post-list-post-inner\"><div class=\"eael-post-list-thumbnail \"><a href=\"https:\/\/ockham.mx\/index.php\/2025\/02\/19\/mejorando-la-transparencia-en-gobierno-corporativo\/\">\n                <img decoding=\"async\" src=\"https:\/\/ockham.mx\/wp-content\/uploads\/2025\/02\/imagenes-ockham-feb25_Mesa-de-trabajo-1-1.webp\" alt=\"\">\n            <\/a><\/div><div class=\"eael-post-list-content\"><h2 class=\"eael-post-list-title\"><a href=\"https:\/\/ockham.mx\/index.php\/2025\/02\/19\/mejorando-la-transparencia-en-gobierno-corporativo\/\" >Mejorando la transparencia en Gobierno Corporativo<\/a><\/h2><div class=\"meta\"><span class=\"eael-post-published-date\"><i class=\"far fa-calendar-alt\"><\/i> 19 febrero, 2025<\/span><\/div><p>La continuidad de las empresas familiares depende de un buen gobierno corporativo y procesos de sucesi\u00f3n definidos.<\/p><a href=\"https:\/\/ockham.mx\/index.php\/2025\/02\/19\/mejorando-la-transparencia-en-gobierno-corporativo\/\" class=\"eael-post-elements-readmore-btn\" >Leer m\u00e1s<\/a><div class=\"boxed-meta\"><\/div><\/div><\/div><\/div><div class=\"eael-post-list-post \"><div class=\"eael-post-list-post-inner\"><div class=\"eael-post-list-thumbnail \"><a href=\"https:\/\/ockham.mx\/index.php\/2025\/02\/12\/estrategias-efectivas-para-el-analisis-de-mercado\/\">\n                <img decoding=\"async\" src=\"https:\/\/ockham.mx\/wp-content\/uploads\/2025\/02\/que-es-un-analisis-de-mercado.webp\" alt=\"\">\n            <\/a><\/div><div class=\"eael-post-list-content\"><h2 class=\"eael-post-list-title\"><a href=\"https:\/\/ockham.mx\/index.php\/2025\/02\/12\/estrategias-efectivas-para-el-analisis-de-mercado\/\" >Estrategias efectivas para el An\u00e1lisis de Mercado<\/a><\/h2><div class=\"meta\"><span class=\"eael-post-published-date\"><i class=\"far fa-calendar-alt\"><\/i> 12 febrero, 2025<\/span><\/div><p>La continuidad de las empresas familiares depende de un buen gobierno corporativo y procesos de sucesi\u00f3n definidos.<\/p><a href=\"https:\/\/ockham.mx\/index.php\/2025\/02\/12\/estrategias-efectivas-para-el-analisis-de-mercado\/\" class=\"eael-post-elements-readmore-btn\" >Leer m\u00e1s<\/a><div class=\"boxed-meta\"><\/div><\/div><\/div><\/div><div class=\"eael-post-list-post \"><div class=\"eael-post-list-post-inner\"><div class=\"eael-post-list-thumbnail \"><a href=\"https:\/\/ockham.mx\/index.php\/2024\/10\/23\/entendiendo-la-competencia-economica-en-los-mercados\/\">\n                <img decoding=\"async\" src=\"https:\/\/ockham.mx\/wp-content\/uploads\/2024\/10\/Practicas-monopolicas.webp\" alt=\"\">\n            <\/a><\/div><div class=\"eael-post-list-content\"><h2 class=\"eael-post-list-title\"><a href=\"https:\/\/ockham.mx\/index.php\/2024\/10\/23\/entendiendo-la-competencia-economica-en-los-mercados\/\" >Entendiendo la competencia econ\u00f3mica en los mercados<\/a><\/h2><div class=\"meta\"><span class=\"eael-post-published-date\"><i class=\"far fa-calendar-alt\"><\/i> 23 octubre, 2024<\/span><\/div><p>La continuidad de las empresas familiares depende de un buen gobierno corporativo y procesos de sucesi\u00f3n definidos.<\/p><a href=\"https:\/\/ockham.mx\/index.php\/2024\/10\/23\/entendiendo-la-competencia-economica-en-los-mercados\/\" class=\"eael-post-elements-readmore-btn\" >Leer m\u00e1s<\/a><div class=\"boxed-meta\"><\/div><\/div><\/div><\/div><div class=\"eael-post-list-post \"><div class=\"eael-post-list-post-inner\"><div class=\"eael-post-list-thumbnail \"><a href=\"https:\/\/ockham.mx\/index.php\/2024\/08\/14\/gobierno-corporativo-y-continuidad-de-la-empresa-familiar-una-asignatura-relevante\/\">\n                <img decoding=\"async\" src=\"https:\/\/ockham.mx\/wp-content\/uploads\/2024\/08\/empresas-familiares.webp\" alt=\"regulacion de empresas familiares\">\n            <\/a><\/div><div class=\"eael-post-list-content\"><h2 class=\"eael-post-list-title\"><a href=\"https:\/\/ockham.mx\/index.php\/2024\/08\/14\/gobierno-corporativo-y-continuidad-de-la-empresa-familiar-una-asignatura-relevante\/\" >Gobierno corporativo y continuidad de la empresa familiar: una asignatura relevante<\/a><\/h2><div class=\"meta\"><span class=\"eael-post-published-date\"><i class=\"far fa-calendar-alt\"><\/i> 14 agosto, 2024<\/span><\/div><p>La continuidad de las empresas familiares depende de un buen gobierno corporativo y procesos de sucesi\u00f3n definidos.<\/p><a href=\"https:\/\/ockham.mx\/index.php\/2024\/08\/14\/gobierno-corporativo-y-continuidad-de-la-empresa-familiar-una-asignatura-relevante\/\" class=\"eael-post-elements-readmore-btn\" >Leer m\u00e1s<\/a><div class=\"boxed-meta\"><\/div><\/div><\/div><\/div><div class=\"eael-post-list-post \"><div class=\"eael-post-list-post-inner\"><div class=\"eael-post-list-thumbnail \"><a href=\"https:\/\/ockham.mx\/index.php\/2024\/08\/06\/panorama-de-las-investigaciones-antitrust-sobre-plataformas-digitales-en-los-eua\/\">\n                <img decoding=\"async\" src=\"https:\/\/ockham.mx\/wp-content\/uploads\/2024\/08\/investigaciones-antitrust.webp\" alt=\"Apple es un monopolio\">\n            <\/a><\/div><div class=\"eael-post-list-content\"><h2 class=\"eael-post-list-title\"><a href=\"https:\/\/ockham.mx\/index.php\/2024\/08\/06\/panorama-de-las-investigaciones-antitrust-sobre-plataformas-digitales-en-los-eua\/\" >Panorama de las investigaciones antitrust sobre plataformas digitales en los EUA<\/a><\/h2><div class=\"meta\"><span class=\"eael-post-published-date\"><i class=\"far fa-calendar-alt\"><\/i> 6 agosto, 2024<\/span><\/div><p>Las investigaciones antitrust sobre plataformas digitales en EE.UU. han aumentado en los \u00faltimos a\u00f1os, pero enfrentan desaf\u00edos significativos.<\/p><a href=\"https:\/\/ockham.mx\/index.php\/2024\/08\/06\/panorama-de-las-investigaciones-antitrust-sobre-plataformas-digitales-en-los-eua\/\" class=\"eael-post-elements-readmore-btn\" >Leer m\u00e1s<\/a><div class=\"boxed-meta\"><\/div><\/div><\/div><\/div><\/div><\/div>\n\t\t<\/div><div data-nonce=\"aa95165b7b\" class=\"post-list-pagination\" data-widget-id=\"a783d7b\" data-widget=\"a783d7b\" data-page-id=\"4709\" data-class=\"Essential_Addons_Elementor\\Pro\\Elements\\Post_List\" data-args=\"orderby=date&amp;order=desc&amp;ignore_sticky_posts=1&amp;post_status=publish&amp;posts_per_page=6&amp;offset=0&amp;post_type=post\" data-settings=\"eael_post_list_post_feature_image=yes&amp;eael_post_list_post_meta=yes&amp;eael_post_list_post_title=yes&amp;eael_post_list_post_excerpt=yes&amp;eael_post_list_post_excerpt_length=30&amp;eael_post_list_pagination=navigation&amp;eael_post_list_layout_type=advanced&amp;eael_post_list_post_cat=&amp;eael_post_list_author_meta=&amp;eael_post_list_title_tag=h2&amp;eael_show_read_more_button=yes&amp;eael_post_list_read_more_text=Leer+m%C3%A1s&amp;eael_post_list_excerpt_expanison_indicator=...&amp;eael_post_featured_image_size=full&amp;eael_post_list_show_last_modified=no\" data-page=\"1\" data-scroll-on-pagination=\"0\" data-scroll-offset=\"100\" data-template=\"{&quot;dir&quot;:&quot;pro&quot;,&quot;file_name&quot;:&quot;advanced.php&quot;,&quot;name&quot;:&quot;Post-List&quot;}\">\n            <button class=\"btn btn-prev-post\" id=\"post-nav-prev-a783d7b\" disabled=\"true\" aria-label=\"previous\"><svg aria-hidden=\"true\" class=\"e-font-icon-svg e-fas-angle-left\" viewBox=\"0 0 256 512\" xmlns=\"http:\/\/www.w3.org\/2000\/svg\"><path d=\"M31.7 239l136-136c9.4-9.4 24.6-9.4 33.9 0l22.6 22.6c9.4 9.4 9.4 24.6 0 33.9L127.9 256l96.4 96.4c9.4 9.4 9.4 24.6 0 33.9L201.7 409c-9.4 9.4-24.6 9.4-33.9 0l-136-136c-9.5-9.4-9.5-24.6-.1-34z\"><\/path><\/svg><\/button><button class=\"btn btn-next-post\" id=\"post-nav-next-a783d7b\" aria-label=\"next\"><svg aria-hidden=\"true\" class=\"e-font-icon-svg e-fas-angle-right\" viewBox=\"0 0 256 512\" xmlns=\"http:\/\/www.w3.org\/2000\/svg\"><path d=\"M224.3 273l-136 136c-9.4 9.4-24.6 9.4-33.9 0l-22.6-22.6c-9.4-9.4-9.4-24.6 0-33.9l96.4-96.4-96.4-96.4c-9.4-9.4-9.4-24.6 0-33.9L54.3 103c9.4-9.4 24.6-9.4 33.9 0l136 136c9.5 9.4 9.5 24.6.1 34z\"><\/path><\/svg><\/button>\n        <\/div>\t\t\t\t<\/div>\n\t\t\t\t<\/div>\n\t\t\t\t\t<\/div>\n\t\t\t\t<\/div>\n\t\t\t\t<\/div>\n\t\t","protected":false},"excerpt":{"rendered":"<p>\u00daltimos art\u00edculos Gobierno corporativo y continuidad de la empresa familiar: una asignatura relevante 14 August, 2024 La continuidad de las [&hellip;]<\/p>\n","protected":false},"author":1,"featured_media":0,"parent":0,"menu_order":0,"comment_status":"closed","ping_status":"closed","template":"","meta":{"_eb_attr":"","_monsterinsights_skip_tracking":false,"_monsterinsights_sitenote_active":false,"_monsterinsights_sitenote_note":"","_monsterinsights_sitenote_category":0,"site-sidebar-layout":"no-sidebar","site-content-layout":"","ast-site-content-layout":"full-width-container","site-content-style":"default","site-sidebar-style":"default","ast-global-header-display":"","ast-banner-title-visibility":"","ast-main-header-display":"","ast-hfb-above-header-display":"","ast-hfb-below-header-display":"","ast-hfb-mobile-header-display":"","site-post-title":"disabled","ast-breadcrumbs-content":"","ast-featured-img":"disabled","footer-sml-layout":"","ast-disable-related-posts":"","theme-transparent-header-meta":"","adv-header-id-meta":"","stick-header-meta":"","header-above-stick-meta":"","header-main-stick-meta":"","header-below-stick-meta":"","astra-migrate-meta-layouts":"default","ast-page-background-enabled":"default","ast-page-background-meta":{"desktop":{"background-color":"var(--ast-global-color-4)","background-image":"","background-repeat":"repeat","background-position":"center center","background-size":"auto","background-attachment":"scroll","background-type":"","background-media":"","overlay-type":"","overlay-color":"","overlay-opacity":"","overlay-gradient":""},"tablet":{"background-color":"","background-image":"","background-repeat":"repeat","background-position":"center center","background-size":"auto","background-attachment":"scroll","background-type":"","background-media":"","overlay-type":"","overlay-color":"","overlay-opacity":"","overlay-gradient":""},"mobile":{"background-color":"","background-image":"","background-repeat":"repeat","background-position":"center center","background-size":"auto","background-attachment":"scroll","background-type":"","background-media":"","overlay-type":"","overlay-color":"","overlay-opacity":"","overlay-gradient":""}},"ast-content-background-meta":{"desktop":{"background-color":"var(--ast-global-color-5)","background-image":"","background-repeat":"repeat","background-position":"center center","background-size":"auto","background-attachment":"scroll","background-type":"","background-media":"","overlay-type":"","overlay-color":"","overlay-opacity":"","overlay-gradient":""},"tablet":{"background-color":"var(--ast-global-color-5)","background-image":"","background-repeat":"repeat","background-position":"center center","background-size":"auto","background-attachment":"scroll","background-type":"","background-media":"","overlay-type":"","overlay-color":"","overlay-opacity":"","overlay-gradient":""},"mobile":{"background-color":"var(--ast-global-color-5)","background-image":"","background-repeat":"repeat","background-position":"center center","background-size":"auto","background-attachment":"scroll","background-type":"","background-media":"","overlay-type":"","overlay-color":"","overlay-opacity":"","overlay-gradient":""}},"footnotes":""},"class_list":["post-4709","page","type-page","status-publish","hentry"],"aioseo_notices":[],"_links":{"self":[{"href":"https:\/\/ockham.mx\/index.php\/wp-json\/wp\/v2\/pages\/4709","targetHints":{"allow":["GET"]}}],"collection":[{"href":"https:\/\/ockham.mx\/index.php\/wp-json\/wp\/v2\/pages"}],"about":[{"href":"https:\/\/ockham.mx\/index.php\/wp-json\/wp\/v2\/types\/page"}],"author":[{"embeddable":true,"href":"https:\/\/ockham.mx\/index.php\/wp-json\/wp\/v2\/users\/1"}],"replies":[{"embeddable":true,"href":"https:\/\/ockham.mx\/index.php\/wp-json\/wp\/v2\/comments?post=4709"}],"version-history":[{"count":85,"href":"https:\/\/ockham.mx\/index.php\/wp-json\/wp\/v2\/pages\/4709\/revisions"}],"predecessor-version":[{"id":5347,"href":"https:\/\/ockham.mx\/index.php\/wp-json\/wp\/v2\/pages\/4709\/revisions\/5347"}],"wp:attachment":[{"href":"https:\/\/ockham.mx\/index.php\/wp-json\/wp\/v2\/media?parent=4709"}],"curies":[{"name":"wp","href":"https:\/\/api.w.org\/{rel}","templated":true}]}}